{"id":101,"date":"2019-11-06T12:36:19","date_gmt":"2019-11-06T12:36:19","guid":{"rendered":"https:\/\/www.wasserexperte-oebv-schroeder.de\/en\/?page_id=101"},"modified":"2019-11-18T07:45:44","modified_gmt":"2019-11-18T07:45:44","slug":"departments","status":"publish","type":"page","link":"https:\/\/www.wasserexperte-oebv-schroeder.de\/en\/departments\/","title":{"rendered":"My departments"},"content":{"rendered":"<h2>Treatment of drinking and industrial water<\/h2>\n<ul>\n<li>Assessment of plants and equipment (audits)<\/li>\n<li>Checking the functionality of drinking and industrial water supply systems<\/li>\n<li>Checking the profitability of drinking and industrial water systems<\/li>\n<li>Determination of defects on plants and structures<\/li>\n<\/ul>\n<h2>Storage of drinking and industrial water<\/h2>\n<ul>\n<li>Evaluation of the technical equipment of water tanks<\/li>\n<li>Evaluation of wall, floor and ceiling coatings in drinking water tanks<\/li>\n<li>Evaluation of any damage in drinking water tanks<\/li>\n<li>Identification of any defects in piping systems and storage capacities<\/li>\n<\/ul>\n<h2>Pumping and transportation of drinking and industrial water<\/h2>\n<ul>\n<li>Evaluating supply lines<\/li>\n<li>Distribution nets analyses<\/li>\n<li>Pipe network calculations<\/li>\n<li>Load case considerations<\/li>\n<li>Calculating hazard operations<\/li>\n<li>Creating simulation models of different charge cases<\/li>\n<li>Evaluating booster systems (DEA)<\/li>\n<li>Evaluating pressure control and pressure reducers<\/li>\n<li>Defect detection on piping systems<\/li>\n<li>Checking the functionality and economy of transportation systems<\/li>\n<\/ul>\n<blockquote>\n<h3>Public appointment and swearing in<\/h3>\n<h3>Quality seal for expertise<\/h3>\n<p style=\"padding-left: 40px;\"><span style=\"color: #1c479c;\">The demand on expert service across Europe and in the world is increasing. Companies, courts and consumers that need the knowhow of a German expert face a key question: How to find a qualified expert?<\/span><\/p>\n<p style=\"padding-left: 40px;\"><span style=\"color: #1c479c;\">The answer is easy:<br \/>\nWhoever commissions publicly appointed and sworn experts gets a high-quality service.<\/span><\/p>\n<\/blockquote>\n<p><a href=\"https:\/\/www.wasserexperte-oebv-schroeder.de\/en\/competence\/\">My competences -&gt;<\/a><\/p>\n","protected":false},"excerpt":{"rendered":"<p>Treatment of drinking and industrial water Assessment of plants and equipment (audits) Checking the functionality of drinking and industrial water supply systems Checking the profitability of drinking and industrial water systems Determination of defects on plants and structures Storage of drinking and industrial water Evaluation of the technical equipment of water tanks Evaluation of wall, [&hellip;]<\/p>\n","protected":false},"author":1,"featured_media":0,"parent":0,"menu_order":3,"comment_status":"closed","ping_status":"closed","template":"","meta":{"footnotes":""},"class_list":["post-101","page","type-page","status-publish","hentry"],"yoast_head":"<!-- This site is optimized with the Yoast SEO plugin v27.3 - https:\/\/yoast.com\/product\/yoast-seo-wordpress\/ -->\n<title>My departments - Christian Schr\u00f6der<\/title>\n<meta name=\"robots\" content=\"index, follow, max-snippet:-1, max-image-preview:large, max-video-preview:-1\" \/>\n<link rel=\"canonical\" href=\"https:\/\/www.wasserexperte-oebv-schroeder.de\/en\/departments\/\" \/>\n<meta property=\"og:locale\" content=\"de_DE\" \/>\n<meta property=\"og:type\" content=\"article\" \/>\n<meta property=\"og:title\" content=\"My departments - Christian Schr\u00f6der\" \/>\n<meta property=\"og:description\" content=\"Treatment of drinking and industrial water Assessment of plants and equipment (audits) Checking the functionality of drinking and industrial water supply systems Checking the profitability of drinking and industrial water systems Determination of defects on plants and structures Storage of drinking and industrial water Evaluation of the technical equipment of water tanks Evaluation of wall, [&hellip;]\" \/>\n<meta property=\"og:url\" content=\"https:\/\/www.wasserexperte-oebv-schroeder.de\/en\/departments\/\" \/>\n<meta property=\"og:site_name\" content=\"Christian Schr\u00f6der\" \/>\n<meta property=\"article:modified_time\" content=\"2019-11-18T07:45:44+00:00\" \/>\n<meta name=\"twitter:card\" content=\"summary_large_image\" \/>\n<meta name=\"twitter:label1\" content=\"Gesch\u00e4tzte Lesezeit\" \/>\n\t<meta name=\"twitter:data1\" content=\"1\u00a0Minute\" \/>\n<script type=\"application\/ld+json\" class=\"yoast-schema-graph\">{\"@context\":\"https:\\\/\\\/schema.org\",\"@graph\":[{\"@type\":\"WebPage\",\"@id\":\"https:\\\/\\\/www.wasserexperte-oebv-schroeder.de\\\/en\\\/departments\\\/\",\"url\":\"https:\\\/\\\/www.wasserexperte-oebv-schroeder.de\\\/en\\\/departments\\\/\",\"name\":\"My departments - Christian Schr\u00f6der\",\"isPartOf\":{\"@id\":\"https:\\\/\\\/www.wasserexperte-oebv-schroeder.de\\\/en\\\/#website\"},\"datePublished\":\"2019-11-06T12:36:19+00:00\",\"dateModified\":\"2019-11-18T07:45:44+00:00\",\"breadcrumb\":{\"@id\":\"https:\\\/\\\/www.wasserexperte-oebv-schroeder.de\\\/en\\\/departments\\\/#breadcrumb\"},\"inLanguage\":\"de\",\"potentialAction\":[{\"@type\":\"ReadAction\",\"target\":[\"https:\\\/\\\/www.wasserexperte-oebv-schroeder.de\\\/en\\\/departments\\\/\"]}]},{\"@type\":\"BreadcrumbList\",\"@id\":\"https:\\\/\\\/www.wasserexperte-oebv-schroeder.de\\\/en\\\/departments\\\/#breadcrumb\",\"itemListElement\":[{\"@type\":\"ListItem\",\"position\":1,\"name\":\"Home\",\"item\":\"https:\\\/\\\/www.wasserexperte-oebv-schroeder.de\\\/en\\\/\"},{\"@type\":\"ListItem\",\"position\":2,\"name\":\"My departments\"}]},{\"@type\":\"WebSite\",\"@id\":\"https:\\\/\\\/www.wasserexperte-oebv-schroeder.de\\\/en\\\/#website\",\"url\":\"https:\\\/\\\/www.wasserexperte-oebv-schroeder.de\\\/en\\\/\",\"name\":\"Christian Schr\u00f6der\",\"description\":\"Sachverst\u00e4ndiger f\u00fcr Trink- und Brauchwasser\",\"potentialAction\":[{\"@type\":\"SearchAction\",\"target\":{\"@type\":\"EntryPoint\",\"urlTemplate\":\"https:\\\/\\\/www.wasserexperte-oebv-schroeder.de\\\/en\\\/?s={search_term_string}\"},\"query-input\":{\"@type\":\"PropertyValueSpecification\",\"valueRequired\":true,\"valueName\":\"search_term_string\"}}],\"inLanguage\":\"de\"}]}<\/script>\n<!-- \/ Yoast SEO plugin. -->","yoast_head_json":{"title":"My departments - Christian Schr\u00f6der","robots":{"index":"index","follow":"follow","max-snippet":"max-snippet:-1","max-image-preview":"max-image-preview:large","max-video-preview":"max-video-preview:-1"},"canonical":"https:\/\/www.wasserexperte-oebv-schroeder.de\/en\/departments\/","og_locale":"de_DE","og_type":"article","og_title":"My departments - Christian Schr\u00f6der","og_description":"Treatment of drinking and industrial water Assessment of plants and equipment (audits) Checking the functionality of drinking and industrial water supply systems Checking the profitability of drinking and industrial water systems Determination of defects on plants and structures Storage of drinking and industrial water Evaluation of the technical equipment of water tanks Evaluation of wall, [&hellip;]","og_url":"https:\/\/www.wasserexperte-oebv-schroeder.de\/en\/departments\/","og_site_name":"Christian Schr\u00f6der","article_modified_time":"2019-11-18T07:45:44+00:00","twitter_card":"summary_large_image","twitter_misc":{"Gesch\u00e4tzte Lesezeit":"1\u00a0Minute"},"schema":{"@context":"https:\/\/schema.org","@graph":[{"@type":"WebPage","@id":"https:\/\/www.wasserexperte-oebv-schroeder.de\/en\/departments\/","url":"https:\/\/www.wasserexperte-oebv-schroeder.de\/en\/departments\/","name":"My departments - Christian Schr\u00f6der","isPartOf":{"@id":"https:\/\/www.wasserexperte-oebv-schroeder.de\/en\/#website"},"datePublished":"2019-11-06T12:36:19+00:00","dateModified":"2019-11-18T07:45:44+00:00","breadcrumb":{"@id":"https:\/\/www.wasserexperte-oebv-schroeder.de\/en\/departments\/#breadcrumb"},"inLanguage":"de","potentialAction":[{"@type":"ReadAction","target":["https:\/\/www.wasserexperte-oebv-schroeder.de\/en\/departments\/"]}]},{"@type":"BreadcrumbList","@id":"https:\/\/www.wasserexperte-oebv-schroeder.de\/en\/departments\/#breadcrumb","itemListElement":[{"@type":"ListItem","position":1,"name":"Home","item":"https:\/\/www.wasserexperte-oebv-schroeder.de\/en\/"},{"@type":"ListItem","position":2,"name":"My departments"}]},{"@type":"WebSite","@id":"https:\/\/www.wasserexperte-oebv-schroeder.de\/en\/#website","url":"https:\/\/www.wasserexperte-oebv-schroeder.de\/en\/","name":"Christian Schr\u00f6der","description":"Sachverst\u00e4ndiger f\u00fcr Trink- und Brauchwasser","potentialAction":[{"@type":"SearchAction","target":{"@type":"EntryPoint","urlTemplate":"https:\/\/www.wasserexperte-oebv-schroeder.de\/en\/?s={search_term_string}"},"query-input":{"@type":"PropertyValueSpecification","valueRequired":true,"valueName":"search_term_string"}}],"inLanguage":"de"}]}},"_links":{"self":[{"href":"https:\/\/www.wasserexperte-oebv-schroeder.de\/en\/wp-json\/wp\/v2\/pages\/101","targetHints":{"allow":["GET"]}}],"collection":[{"href":"https:\/\/www.wasserexperte-oebv-schroeder.de\/en\/wp-json\/wp\/v2\/pages"}],"about":[{"href":"https:\/\/www.wasserexperte-oebv-schroeder.de\/en\/wp-json\/wp\/v2\/types\/page"}],"author":[{"embeddable":true,"href":"https:\/\/www.wasserexperte-oebv-schroeder.de\/en\/wp-json\/wp\/v2\/users\/1"}],"replies":[{"embeddable":true,"href":"https:\/\/www.wasserexperte-oebv-schroeder.de\/en\/wp-json\/wp\/v2\/comments?post=101"}],"version-history":[{"count":6,"href":"https:\/\/www.wasserexperte-oebv-schroeder.de\/en\/wp-json\/wp\/v2\/pages\/101\/revisions"}],"predecessor-version":[{"id":135,"href":"https:\/\/www.wasserexperte-oebv-schroeder.de\/en\/wp-json\/wp\/v2\/pages\/101\/revisions\/135"}],"wp:attachment":[{"href":"https:\/\/www.wasserexperte-oebv-schroeder.de\/en\/wp-json\/wp\/v2\/media?parent=101"}],"curies":[{"name":"wp","href":"https:\/\/api.w.org\/{rel}","templated":true}]}}