{"id":121,"date":"2019-11-07T07:39:21","date_gmt":"2019-11-07T07:39:21","guid":{"rendered":"https:\/\/www.wasserexperte-oebv-schroeder.de\/en\/?page_id=121"},"modified":"2019-11-18T08:03:54","modified_gmt":"2019-11-18T08:03:54","slug":"data-protection","status":"publish","type":"page","link":"https:\/\/www.wasserexperte-oebv-schroeder.de\/en\/contact\/data-protection\/","title":{"rendered":"Data protection policy"},"content":{"rendered":"<header class=\"entry-header\">\r\n<h2 class=\"entry-title wp-block-heading\">Statement by Christian Schroeder, water expert \/ GDPR (DSGVO, Version 2019\/11_en)<\/h2>\r\n<\/header>\r\n<div class=\"entry-content\">\r\n<div class=\"entry-content\">You can visit and use our websites without any restriction. All your connections to this website are end to end encrypted to prevent misuse by third parties. However, our web server automatically stores some general technical information, for example about your web browser, the operating system, the screen resolution, the domain name of your Internet service provider and how, when and how long you stayed on our website. This data does not reveal personal information about you. We evaluate this data for statistical purposes only and all data remains exclusively anonymous.<\/div>\r\n<h2>Cookies<\/h2>\r\nSince the entry into force of the GDPR (General Data Protection Regulation) we use cookies and show you the hints towards them by an additional link to this privacy policy while you visit the website. However, you can easily refuse or limit cookies with the help of appropriate settings on your browser, this has no effect on the functionality of these websites.\r\n<h2>External services<\/h2>\r\n<h3>Google Analytics<\/h3>\r\nDue to data protection, this website does not use and has never used Google Analytics services. As this is unusual, we would like to point this out to you.\r\n<h3>Other used Google services<\/h3>\r\nIn some places on these pages we use Google Chart APIs to generate QR codes dynamically.\r\n<h3>Other services of other external providers<\/h3>\r\nCurrently we do not use any other external services.\r\n<h3>Analysis with Motomo \/ formerly Piwik<\/h3>\r\nDue to data protection concerns regarding the use of Google services, in particular Google Analytics, we are currently testing Matomo software which has been developed with particular regard to anonymity and privacy concerns. Even here tracking cookies are used by the software and processed by our service provider (&#8222;Data processor&#8220;) for us, but they do not leave the server. A simple &#8222;Do Not Track&#8220; setting in your browser is enough to completely stop the tracking and thus the analysis of your website visit.\r\n<h2>Assigned data usage<\/h2>\r\nWe adhere to the principle of earmarked data use and collect, process and store your personal data only for the purpose specified by you, for example to process a contract concluded with you or to answer your request. The data are stored in accordance with the legal requirements for the respectively prescribed duration. A transfer of your personal data away from the statutory provisions to third parties does not occur.\r\n<h2>Amendments<\/h2>\r\nWe reserve the right to change this privacy policy at any time. Any changes will be announced by publishing the amended Privacy Policy on our website. Unless otherwise defined, these changes will apply immediately. Please check this Privacy Policy regularly to have a look at the latest version.\r\n<h2>Data-protection controller<\/h2>\r\n<a title=\"EKOplan Datenschutzbeauftragter, Angaben im Impressum\" href=\"https:\/\/www.wasserexperte-oebv-schroeder.de\/en\/contact\/#Impressum\">see legal notes<\/a> <em>privacy policy GDPR (DSGVO) by Christian Schroeder, water expert, version 16 November 2019<\/em><\/div>\r\n","protected":false},"excerpt":{"rendered":"<p>Statement by Christian Schroeder, water expert \/ GDPR (DSGVO, Version 2019\/11_en) You can visit and use our websites without any restriction. All your connections to this website are end to end encrypted to prevent misuse by third parties. However, our web server automatically stores some general technical information, for example about your web browser, the [&hellip;]<\/p>\n","protected":false},"author":1,"featured_media":0,"parent":117,"menu_order":7,"comment_status":"closed","ping_status":"closed","template":"","meta":{"footnotes":""},"class_list":["post-121","page","type-page","status-publish","hentry"],"yoast_head":"<!-- This site is optimized with the Yoast SEO plugin v27.3 - https:\/\/yoast.com\/product\/yoast-seo-wordpress\/ -->\n<title>Data protection policy - Christian Schr\u00f6der<\/title>\n<meta name=\"robots\" content=\"index, follow, max-snippet:-1, max-image-preview:large, max-video-preview:-1\" \/>\n<link rel=\"canonical\" href=\"https:\/\/www.wasserexperte-oebv-schroeder.de\/en\/contact\/data-protection\/\" \/>\n<meta property=\"og:locale\" content=\"de_DE\" \/>\n<meta property=\"og:type\" content=\"article\" \/>\n<meta property=\"og:title\" content=\"Data protection policy - Christian Schr\u00f6der\" \/>\n<meta property=\"og:description\" content=\"Statement by Christian Schroeder, water expert \/ GDPR (DSGVO, Version 2019\/11_en) You can visit and use our websites without any restriction. All your connections to this website are end to end encrypted to prevent misuse by third parties. However, our web server automatically stores some general technical information, for example about your web browser, the [&hellip;]\" \/>\n<meta property=\"og:url\" content=\"https:\/\/www.wasserexperte-oebv-schroeder.de\/en\/contact\/data-protection\/\" \/>\n<meta property=\"og:site_name\" content=\"Christian Schr\u00f6der\" \/>\n<meta property=\"article:modified_time\" content=\"2019-11-18T08:03:54+00:00\" \/>\n<meta name=\"twitter:card\" content=\"summary_large_image\" \/>\n<meta name=\"twitter:label1\" content=\"Gesch\u00e4tzte Lesezeit\" \/>\n\t<meta name=\"twitter:data1\" content=\"2\u00a0Minuten\" \/>\n<script type=\"application\/ld+json\" class=\"yoast-schema-graph\">{\"@context\":\"https:\\\/\\\/schema.org\",\"@graph\":[{\"@type\":\"WebPage\",\"@id\":\"https:\\\/\\\/www.wasserexperte-oebv-schroeder.de\\\/en\\\/contact\\\/data-protection\\\/\",\"url\":\"https:\\\/\\\/www.wasserexperte-oebv-schroeder.de\\\/en\\\/contact\\\/data-protection\\\/\",\"name\":\"Data protection policy - Christian Schr\u00f6der\",\"isPartOf\":{\"@id\":\"https:\\\/\\\/www.wasserexperte-oebv-schroeder.de\\\/en\\\/#website\"},\"datePublished\":\"2019-11-07T07:39:21+00:00\",\"dateModified\":\"2019-11-18T08:03:54+00:00\",\"breadcrumb\":{\"@id\":\"https:\\\/\\\/www.wasserexperte-oebv-schroeder.de\\\/en\\\/contact\\\/data-protection\\\/#breadcrumb\"},\"inLanguage\":\"de\",\"potentialAction\":[{\"@type\":\"ReadAction\",\"target\":[\"https:\\\/\\\/www.wasserexperte-oebv-schroeder.de\\\/en\\\/contact\\\/data-protection\\\/\"]}]},{\"@type\":\"BreadcrumbList\",\"@id\":\"https:\\\/\\\/www.wasserexperte-oebv-schroeder.de\\\/en\\\/contact\\\/data-protection\\\/#breadcrumb\",\"itemListElement\":[{\"@type\":\"ListItem\",\"position\":1,\"name\":\"Home\",\"item\":\"https:\\\/\\\/www.wasserexperte-oebv-schroeder.de\\\/en\\\/\"},{\"@type\":\"ListItem\",\"position\":2,\"name\":\"Contact\",\"item\":\"https:\\\/\\\/www.wasserexperte-oebv-schroeder.de\\\/en\\\/contact\\\/\"},{\"@type\":\"ListItem\",\"position\":3,\"name\":\"Data protection policy\"}]},{\"@type\":\"WebSite\",\"@id\":\"https:\\\/\\\/www.wasserexperte-oebv-schroeder.de\\\/en\\\/#website\",\"url\":\"https:\\\/\\\/www.wasserexperte-oebv-schroeder.de\\\/en\\\/\",\"name\":\"Christian Schr\u00f6der\",\"description\":\"Sachverst\u00e4ndiger f\u00fcr Trink- und Brauchwasser\",\"potentialAction\":[{\"@type\":\"SearchAction\",\"target\":{\"@type\":\"EntryPoint\",\"urlTemplate\":\"https:\\\/\\\/www.wasserexperte-oebv-schroeder.de\\\/en\\\/?s={search_term_string}\"},\"query-input\":{\"@type\":\"PropertyValueSpecification\",\"valueRequired\":true,\"valueName\":\"search_term_string\"}}],\"inLanguage\":\"de\"}]}<\/script>\n<!-- \/ Yoast SEO plugin. -->","yoast_head_json":{"title":"Data protection policy - Christian Schr\u00f6der","robots":{"index":"index","follow":"follow","max-snippet":"max-snippet:-1","max-image-preview":"max-image-preview:large","max-video-preview":"max-video-preview:-1"},"canonical":"https:\/\/www.wasserexperte-oebv-schroeder.de\/en\/contact\/data-protection\/","og_locale":"de_DE","og_type":"article","og_title":"Data protection policy - Christian Schr\u00f6der","og_description":"Statement by Christian Schroeder, water expert \/ GDPR (DSGVO, Version 2019\/11_en) You can visit and use our websites without any restriction. All your connections to this website are end to end encrypted to prevent misuse by third parties. However, our web server automatically stores some general technical information, for example about your web browser, the [&hellip;]","og_url":"https:\/\/www.wasserexperte-oebv-schroeder.de\/en\/contact\/data-protection\/","og_site_name":"Christian Schr\u00f6der","article_modified_time":"2019-11-18T08:03:54+00:00","twitter_card":"summary_large_image","twitter_misc":{"Gesch\u00e4tzte Lesezeit":"2\u00a0Minuten"},"schema":{"@context":"https:\/\/schema.org","@graph":[{"@type":"WebPage","@id":"https:\/\/www.wasserexperte-oebv-schroeder.de\/en\/contact\/data-protection\/","url":"https:\/\/www.wasserexperte-oebv-schroeder.de\/en\/contact\/data-protection\/","name":"Data protection policy - Christian Schr\u00f6der","isPartOf":{"@id":"https:\/\/www.wasserexperte-oebv-schroeder.de\/en\/#website"},"datePublished":"2019-11-07T07:39:21+00:00","dateModified":"2019-11-18T08:03:54+00:00","breadcrumb":{"@id":"https:\/\/www.wasserexperte-oebv-schroeder.de\/en\/contact\/data-protection\/#breadcrumb"},"inLanguage":"de","potentialAction":[{"@type":"ReadAction","target":["https:\/\/www.wasserexperte-oebv-schroeder.de\/en\/contact\/data-protection\/"]}]},{"@type":"BreadcrumbList","@id":"https:\/\/www.wasserexperte-oebv-schroeder.de\/en\/contact\/data-protection\/#breadcrumb","itemListElement":[{"@type":"ListItem","position":1,"name":"Home","item":"https:\/\/www.wasserexperte-oebv-schroeder.de\/en\/"},{"@type":"ListItem","position":2,"name":"Contact","item":"https:\/\/www.wasserexperte-oebv-schroeder.de\/en\/contact\/"},{"@type":"ListItem","position":3,"name":"Data protection policy"}]},{"@type":"WebSite","@id":"https:\/\/www.wasserexperte-oebv-schroeder.de\/en\/#website","url":"https:\/\/www.wasserexperte-oebv-schroeder.de\/en\/","name":"Christian Schr\u00f6der","description":"Sachverst\u00e4ndiger f\u00fcr Trink- und Brauchwasser","potentialAction":[{"@type":"SearchAction","target":{"@type":"EntryPoint","urlTemplate":"https:\/\/www.wasserexperte-oebv-schroeder.de\/en\/?s={search_term_string}"},"query-input":{"@type":"PropertyValueSpecification","valueRequired":true,"valueName":"search_term_string"}}],"inLanguage":"de"}]}},"_links":{"self":[{"href":"https:\/\/www.wasserexperte-oebv-schroeder.de\/en\/wp-json\/wp\/v2\/pages\/121","targetHints":{"allow":["GET"]}}],"collection":[{"href":"https:\/\/www.wasserexperte-oebv-schroeder.de\/en\/wp-json\/wp\/v2\/pages"}],"about":[{"href":"https:\/\/www.wasserexperte-oebv-schroeder.de\/en\/wp-json\/wp\/v2\/types\/page"}],"author":[{"embeddable":true,"href":"https:\/\/www.wasserexperte-oebv-schroeder.de\/en\/wp-json\/wp\/v2\/users\/1"}],"replies":[{"embeddable":true,"href":"https:\/\/www.wasserexperte-oebv-schroeder.de\/en\/wp-json\/wp\/v2\/comments?post=121"}],"version-history":[{"count":5,"href":"https:\/\/www.wasserexperte-oebv-schroeder.de\/en\/wp-json\/wp\/v2\/pages\/121\/revisions"}],"predecessor-version":[{"id":140,"href":"https:\/\/www.wasserexperte-oebv-schroeder.de\/en\/wp-json\/wp\/v2\/pages\/121\/revisions\/140"}],"up":[{"embeddable":true,"href":"https:\/\/www.wasserexperte-oebv-schroeder.de\/en\/wp-json\/wp\/v2\/pages\/117"}],"wp:attachment":[{"href":"https:\/\/www.wasserexperte-oebv-schroeder.de\/en\/wp-json\/wp\/v2\/media?parent=121"}],"curies":[{"name":"wp","href":"https:\/\/api.w.org\/{rel}","templated":true}]}}